{"id":322,"date":"2012-06-14T14:26:19","date_gmt":"2012-06-14T14:26:19","guid":{"rendered":"http:\/\/www.nicolasjamonneau.com\/?page_id=322"},"modified":"2026-02-15T13:31:23","modified_gmt":"2026-02-15T13:31:23","slug":"vdsv","status":"publish","type":"page","link":"https:\/\/www.nicolasjamonneau.com\/?page_id=322","title":{"rendered":"\u00c0 propos&#8230;"},"content":{"rendered":"<p>Bonjour et bienvenue !<\/p>\n<p>Je m&rsquo;appelle Nicolas, i<span class=\"_5yl5\">llustrateur situ\u00e9 \u00e0 Paris. <a href=\"https:\/\/www.nicolasjamonneau.com\/wp-content\/uploads\/2024\/12\/pfzfz.png\"><img loading=\"lazy\" decoding=\"async\" class=\"wp-image-2326 alignright\" src=\"https:\/\/www.nicolasjamonneau.com\/wp-content\/uploads\/2024\/12\/pfzfz.png\" alt=\"\" width=\"418\" height=\"432\" srcset=\"https:\/\/www.nicolasjamonneau.com\/wp-content\/uploads\/2024\/12\/pfzfz.png 600w, https:\/\/www.nicolasjamonneau.com\/wp-content\/uploads\/2024\/12\/pfzfz-290x300.png 290w\" sizes=\"(max-width: 418px) 100vw, 418px\" \/><\/a><\/span><\/p>\n<p class=\"p1\">Depuis mon plus jeune \u00e2ge, je suis captiv\u00e9 par la cr\u00e9ation et le dessin. Alors je crayonne des personnages de bandes dessin\u00e9es ou de manga, influenc\u00e9 par les univers de Tim Burton, Miyazaki ou des artistes plus \u00ab classiques \u00bb tel qu\u2019Alphons Mucha. Puis au fil des ann\u00e9es, j\u2019\u00e9volue vers un style beaucoup plus r\u00e9aliste et personnel. Passionn\u00e9 par l&rsquo;image, c&rsquo;est tout naturellement que je me suis dirig\u00e9 vers des \u00e9tudes d&rsquo;art graphique, et j&rsquo;exerce donc aujourd&rsquo;hui en tant qu&rsquo; illustrateur.<\/p>\n<p class=\"p1\">Freelance depuis quelques ann\u00e9es , j\u2019ai eu l\u2019occasion de participer \u00e0 de nombreux projets pour divers clients, notamment dans le domaine de l&rsquo;\u00e9dition.<\/p>\n<p class=\"p1\">Clients : Robert Laffont, 404 Editions, Editions Bookmark, Korrigan, Bragelonne, Milady, Milan, Albin Michel, France Loisirs, Editions Le Chat Noir, Plume du Web, HEA Editions, Le Petit Caveau, Editions Cyplog, Scrineo, Elixyria,&#8230;<\/p>\n<p class=\"p1\">Ayant un faible pour les portraits r\u00e9alistes, les ambiances \u00e9tranges, parfois sombres et oniriques, j&rsquo;aime puiser mon inspiration dans diff\u00e9rents domaines tels que la mode, la musique, le fantastique et m\u00eame le monde du tatouage.<\/p>\n<p class=\"p1\">Ainsi mon univers \u00e9th\u00e9r\u00e9 prend vie \u00e0 travers mes armes de pr\u00e9dilection\u00a0: la peinture digitale et ma tablette graphique\u00a0(souvent accompagn\u00e9 d\u2019une tasse de th\u00e9)<\/p>\n<p>Vous avez un projet en t\u00eate ? Je reste \u00e0 votre \u00e9coute pour une \u00e9ventuelle collaboration , n&rsquo;h\u00e9sitez donc pas \u00e0 me contacter&#8230;<\/p>\n<p><strong><span style=\"text-decoration: underline;\">Contact:<\/span><\/strong><\/p>\n<p>Mail : <strong><span style=\"text-decoration: underline; color: #3da3cd;\"><em>nicolas.jamonneau@gmail.com<\/em><\/span><\/strong><\/p>\n","protected":false},"excerpt":{"rendered":"<p>Bonjour et bienvenue ! Je m&rsquo;appelle Nicolas, illustrateur situ\u00e9 \u00e0 Paris. Depuis mon plus jeune \u00e2ge, je suis captiv\u00e9 par la cr\u00e9ation et le dessin. Alors je crayonne des personnages de bandes dessin\u00e9es ou de manga, influenc\u00e9 par les univers de Tim Burton, Miyazaki ou des artistes plus \u00ab classiques \u00bb tel qu\u2019Alphons Mucha. Puis [&hellip;]<\/p>\n","protected":false},"author":1,"featured_media":0,"parent":0,"menu_order":0,"comment_status":"closed","ping_status":"open","template":"full-width.php","meta":{"footnotes":""},"class_list":["post-322","page","type-page","status-publish","hentry"],"_links":{"self":[{"href":"https:\/\/www.nicolasjamonneau.com\/index.php?rest_route=\/wp\/v2\/pages\/322"}],"collection":[{"href":"https:\/\/www.nicolasjamonneau.com\/index.php?rest_route=\/wp\/v2\/pages"}],"about":[{"href":"https:\/\/www.nicolasjamonneau.com\/index.php?rest_route=\/wp\/v2\/types\/page"}],"author":[{"embeddable":true,"href":"https:\/\/www.nicolasjamonneau.com\/index.php?rest_route=\/wp\/v2\/users\/1"}],"replies":[{"embeddable":true,"href":"https:\/\/www.nicolasjamonneau.com\/index.php?rest_route=%2Fwp%2Fv2%2Fcomments&post=322"}],"version-history":[{"count":3,"href":"https:\/\/www.nicolasjamonneau.com\/index.php?rest_route=\/wp\/v2\/pages\/322\/revisions"}],"predecessor-version":[{"id":2397,"href":"https:\/\/www.nicolasjamonneau.com\/index.php?rest_route=\/wp\/v2\/pages\/322\/revisions\/2397"}],"wp:attachment":[{"href":"https:\/\/www.nicolasjamonneau.com\/index.php?rest_route=%2Fwp%2Fv2%2Fmedia&parent=322"}],"curies":[{"name":"wp","href":"https:\/\/api.w.org\/{rel}","templated":true}]}}